{"id":1209,"date":"2022-06-04T19:13:12","date_gmt":"2022-06-04T17:13:12","guid":{"rendered":"http:\/\/www.apimarca.it\/index.php\/blog\/"},"modified":"2022-12-08T12:43:06","modified_gmt":"2022-12-08T11:43:06","slug":"osservatorionazionalemiele","status":"publish","type":"page","link":"https:\/\/www.apimarca.it\/index.php\/osservatorionazionalemiele\/","title":{"rendered":"Osservatorio Nazionale  Miele"},"content":{"rendered":"\t\t<div data-elementor-type=\"wp-post\" data-elementor-id=\"1209\" class=\"elementor elementor-1209 elementor-bc-flex-widget\">\n\t\t\t\t\t\t<section class=\"elementor-section elementor-top-section elementor-element elementor-element-154c855 elementor-section-boxed elementor-section-height-default elementor-section-height-default\" data-id=\"154c855\" data-element_type=\"section\" data-e-type=\"section\">\n\t\t\t\t\t\t<div class=\"elementor-container elementor-column-gap-default\">\n\t\t\t\t\t<div class=\"elementor-column elementor-col-100 elementor-top-column elementor-element elementor-element-e0564d3\" data-id=\"e0564d3\" data-element_type=\"column\" data-e-type=\"column\">\n\t\t\t<div class=\"elementor-widget-wrap elementor-element-populated\">\n\t\t\t\t\t\t<div class=\"elementor-element elementor-element-38ae714 elementor-widget elementor-widget-image\" data-id=\"38ae714\" data-element_type=\"widget\" data-e-type=\"widget\" data-widget_type=\"image.default\">\n\t\t\t\t<div class=\"elementor-widget-container\">\n\t\t\t\t\t\t\t\t\t\t\t\t\t\t\t\t<a href=\"https:\/\/www.informamiele.it\">\n\t\t\t\t\t\t\t<img fetchpriority=\"high\" decoding=\"async\" width=\"400\" height=\"296\" src=\"https:\/\/www.apimarca.it\/wp-content\/uploads\/2022\/09\/ONM_Logo_2015.jpg\" class=\"attachment-large size-large wp-image-1725\" alt=\"\" srcset=\"https:\/\/www.apimarca.it\/wp-content\/uploads\/2022\/09\/ONM_Logo_2015.jpg 400w, https:\/\/www.apimarca.it\/wp-content\/uploads\/2022\/09\/ONM_Logo_2015-300x222.jpg 300w\" sizes=\"(max-width: 400px) 100vw, 400px\" \/>\t\t\t\t\t\t\t\t<\/a>\n\t\t\t\t\t\t\t\t\t\t\t\t\t\t\t<\/div>\n\t\t\t\t<\/div>\n\t\t\t\t\t<\/div>\n\t\t<\/div>\n\t\t\t\t\t<\/div>\n\t\t<\/section>\n\t\t\t\t<section class=\"elementor-section elementor-top-section elementor-element elementor-element-16c170b elementor-section-boxed elementor-section-height-default elementor-section-height-default\" data-id=\"16c170b\" data-element_type=\"section\" data-e-type=\"section\">\n\t\t\t\t\t\t<div class=\"elementor-container elementor-column-gap-default\">\n\t\t\t\t\t<div class=\"elementor-column elementor-col-100 elementor-top-column elementor-element elementor-element-f31c8b0\" data-id=\"f31c8b0\" data-element_type=\"column\" data-e-type=\"column\">\n\t\t\t<div class=\"elementor-widget-wrap elementor-element-populated\">\n\t\t\t\t\t\t<div class=\"elementor-element elementor-element-647662e elementor-widget elementor-widget-heading\" data-id=\"647662e\" data-element_type=\"widget\" data-e-type=\"widget\" data-widget_type=\"heading.default\">\n\t\t\t\t<div class=\"elementor-widget-container\">\n\t\t\t\t\t<h2 class=\"elementor-heading-title elementor-size-default\"><div class=\"column one post-header\" style=\"font-family: Roboto, sans-serif;font-size: 20px;font-style: normal;white-space: normal\"><div class=\"title_wrapper\"><span class=\"entry-title\" style=\"clear: both\">Ottobre 2022 \u2013 Indagine Produttiva ed Economica<\/span><span style=\"font-family: Roboto, sans-serif;font-size: 2.06em;font-weight: 600;white-space: pre-wrap\"><\/span><\/div><\/div><\/h2>\t\t\t\t<\/div>\n\t\t\t\t<\/div>\n\t\t\t\t<div class=\"elementor-element elementor-element-6135f03 elementor-widget elementor-widget-text-editor\" data-id=\"6135f03\" data-element_type=\"widget\" data-e-type=\"widget\" data-widget_type=\"text-editor.default\">\n\t\t\t\t<div class=\"elementor-widget-container\">\n\t\t\t\t\t\t\t\t\t<div class=\"section section-post-header\">\n<div class=\"section_wrapper clearfix\">\n<div class=\"column one post-header\">\n<div class=\"title_wrapper\">\n<ul>\n<li><b style=\"font-family: 'Playfair Display'; font-size: 0.99em; text-align: inherit;\">ANDAMENTO METEOROLOGICO<\/b><\/li>\n<\/ul>\n<\/div>\n<\/div>\n<\/div>\n<\/div>\n<div class=\"post-wrapper-content\">\n<div class=\"section the_content has_content\">\n<div class=\"section_wrapper\">\n<div class=\"the_content_wrapper \">\n<p>Il mese&nbsp;di ottobre 2022, in Italia, pu\u00f2 essere definito a pieno titolo come mese climatologicamente \u201cestremo\u201d, a causa di un andamento termo-pluviometrico che non trova quasi precedenti nella storia climatologica nazionale, in particolare sul centro-nord Italia. Infatti, le temperature medie sono state vistosamente superiori alla norma del periodo, registrando, a livello nazionale, il secondo ottobre pi\u00f9 caldo in assoluto da quando esistono le rilevazioni strumentali, con un\u2019anomalia di temperatura media, su base nazionale, di ben +2.1\u00b0C rispetto alla media del trentennio 1991-2020, e di +2,5\u00b0C rispetto alla norma del periodo 1981-2010 (fonte: ISAC-CNR). A fronte del valore medio nazionale, <strong>per il nord Italia l\u2019anomalia di temperatura media (su base 1991-2020) \u00e8 stata di +3.2\u00b0C, segnando l\u2019ottobre di gran lunga pi\u00f9 caldo mai registrato dal 1800, <\/strong>mentre il resto della Penisola, pur avendo mostrato campo termico assai elevato, si \u00e8 attestato su scarti dalla norma leggermente pi\u00f9 contenuti.<\/p>\n<p>In merito alle precipitazioni, ottobre 2022 si \u00e8 dimostrato un mese eccezionalmente secco, con un\u2019<a href=\"https:\/\/www.informamiele.it\/wp-content\/uploads\/2022\/11\/ott-2022-anomalia-PIOGGIA.jpg\" target=\"_blank\" rel=\"noopener\">anomalia di precipitazione<\/a>&nbsp;su base nazionale di ben il -61%, col risultato di aggravare ulteriormente la condizione di severa siccit\u00e0 in vaste aree del territorio nazionale, soprattutto del centro-nord, vanificando i benefici effetti della temporanea ripresa delle piogge osservata nel bimestre agosto-settembre. La gravit\u00e0 delle anomalie pluviometriche negative, \u00e8 resa ancora pi\u00f9 evidente dal fatto che il mese di ottobre dovrebbe essere il pi\u00f9 piovoso, o uno dei pi\u00f9 piovosi, dell\u2019anno su vaste zone della Penisola.<\/p>\n<p>Per quanto riguarda lo scenario meteorologico di massima previsto per le prossime due settimane, le temperature si manterranno ancora miti e sopra norma ovunque con anomalie fino a +1\/+3\u00b0C e le precipitazioni saranno in ripresa sulla quasi totalit\u00e0 della penisola.<\/p>\n<p>Leggi tutto l&#8217;articolo al seguente link&#8230;<span style=\"font-style: normal; font-variant-caps: normal; text-align: inherit; font-family: Helvetica; font-size: 12px;\">&nbsp;<\/span><a style=\"font-style: normal; font-variant-caps: normal; text-align: inherit; font-family: Helvetica; font-size: 25px;\" href=\"https:\/\/www.informamiele.it\/ottobre-2022-indagine-produttiva-ed-economica.html\" target=\"_blank\" rel=\"noopener noreferrer\">Ottobre 2022_Indagine Produttiva ed Economica<\/a><span style=\"font-style: normal; font-variant-caps: normal; text-align: inherit; font-family: Helvetica; font-size: 12px;\">&nbsp;<\/span><\/p>\n<\/div>\n<\/div>\n<\/div>\n<\/div>\t\t\t\t\t\t\t\t<\/div>\n\t\t\t\t<\/div>\n\t\t\t\t\t<\/div>\n\t\t<\/div>\n\t\t\t\t\t<\/div>\n\t\t<\/section>\n\t\t\t\t<\/div>\n\t\t","protected":false},"excerpt":{"rendered":"<p>Ottobre 2022 \u2013 Indagine Produttiva ed Economica ANDAMENTO METEOROLOGICO Il mese&nbsp;di ottobre 2022, in Italia, pu\u00f2 essere definito a pieno &hellip;<\/p>\n","protected":false},"author":1,"featured_media":1727,"parent":0,"menu_order":0,"comment_status":"closed","ping_status":"closed","template":"","meta":{"footnotes":""},"class_list":["post-1209","page","type-page","status-publish","has-post-thumbnail","hentry"],"_links":{"self":[{"href":"https:\/\/www.apimarca.it\/index.php\/wp-json\/wp\/v2\/pages\/1209","targetHints":{"allow":["GET"]}}],"collection":[{"href":"https:\/\/www.apimarca.it\/index.php\/wp-json\/wp\/v2\/pages"}],"about":[{"href":"https:\/\/www.apimarca.it\/index.php\/wp-json\/wp\/v2\/types\/page"}],"author":[{"embeddable":true,"href":"https:\/\/www.apimarca.it\/index.php\/wp-json\/wp\/v2\/users\/1"}],"replies":[{"embeddable":true,"href":"https:\/\/www.apimarca.it\/index.php\/wp-json\/wp\/v2\/comments?post=1209"}],"version-history":[{"count":6,"href":"https:\/\/www.apimarca.it\/index.php\/wp-json\/wp\/v2\/pages\/1209\/revisions"}],"predecessor-version":[{"id":1890,"href":"https:\/\/www.apimarca.it\/index.php\/wp-json\/wp\/v2\/pages\/1209\/revisions\/1890"}],"wp:featuredmedia":[{"embeddable":true,"href":"https:\/\/www.apimarca.it\/index.php\/wp-json\/wp\/v2\/media\/1727"}],"wp:attachment":[{"href":"https:\/\/www.apimarca.it\/index.php\/wp-json\/wp\/v2\/media?parent=1209"}],"curies":[{"name":"wp","href":"https:\/\/api.w.org\/{rel}","templated":true}]}}